{"id":537,"date":"2016-11-29T16:35:47","date_gmt":"2016-11-29T15:35:47","guid":{"rendered":"http:\/\/tehnolozirs.org\/?page_id=537"},"modified":"2023-11-01T15:22:22","modified_gmt":"2023-11-01T14:22:22","slug":"%d1%81%d0%ba%d1%83%d0%bf%d1%88%d1%82%d0%b8%d0%bd%d0%b5","status":"publish","type":"page","link":"https:\/\/tehnolozirs.org\/?page_id=537&lang=sr","title":{"rendered":"\u0421\u043a\u0443\u043f\u0448\u0442\u0438\u043d\u0435"},"content":{"rendered":"<p>[vc_row][vc_column][vc_column_text]<\/p>\n<ul>\n<li><a href=\"https:\/\/tehnolozirs.org\/wp-content\/uploads\/2019\/02\/\u0417\u0410\u041f\u0418\u0421\u041d\u0418\u041a-\u0458\u0430\u043d\u0443\u0430\u0440-2019.docx\">\u0417\u0410\u041f\u0418\u0421\u041d\u0418\u041a (\u0421\u0430 \u043e\u0441\u043c\u0435 \u0440\u0435\u0434\u043e\u0432\u043d\u0435 \u0421\u043a\u0443\u043f\u0448\u0442\u0438\u043d\u0435 \u0423\u0434\u0440\u0443\u0436\u0435\u045a\u0430 \u0438\u043d\u0436\u0435\u045a\u0435\u0440\u0430 \u0442\u0435\u0445\u043d\u043e\u043b\u043e\u0433\u0438\u0458\u0435 \u0420\u0435\u043f\u0443\u0431\u043b\u0438\u043a\u0435 \u0421\u0440\u043f\u0441\u043a\u0435 (\u0443 \u0434\u0430\u0459\u0435\u043c \u0442\u0435\u043a\u0441\u0442\u0443 \u0423\u0418\u0422\u0420\u0421), \u043e\u0434\u0440\u0436\u0430\u043d\u0435 30.01.2019. \u0433\u043e\u0434\u0438\u043d\u0435 \u0443 18,00 \u0447\u0430\u0441\u043e\u0432\u0430 \u0443 \u0430\u043c\u0444\u0438\u0442\u0435\u0430\u0442\u0440\u0443 \u0422\u0435\u0445\u043d\u043e\u043b\u043e\u0448\u043a\u043e\u0433 \u0444\u0430\u043a\u0443\u043b\u0442\u0435\u0442\u0430, \u0443\u043b\u0438\u0446\u0430 \u0411\u0443\u043b\u0435\u0432\u0430\u0440 \u0432o\u0458\u0432\u043e\u0434\u0435 \u0421\u0442\u0435\u043f\u0435 \u0421\u0442\u0435\u043f\u0430\u043d\u043e\u0432\u0438\u045b\u0430 73,&nbsp; \u0411\u0430\u045a\u0430 \u041b\u0443\u043a\u0430.)<\/a><\/li>\n<li><a href=\"https:\/\/tehnolozirs.org\/wp-content\/uploads\/2016\/11\/\u0417\u0410\u041f\u0418\u0421\u041d\u0418\u041a-\u0441\u0430-VII-redovne-Skupstine.doc\">\u0417\u0410\u041f\u0418\u0421\u041d\u0418\u041a (\u0421\u0430 \u0441\u0435\u0434\u043c\u0435 \u0440\u0435\u0434\u043e\u0432\u043d\u0435 \u0421\u043a\u0443\u043f\u0448\u0442\u0438\u043d\u0435 \u0423\u0434\u0440\u0443\u0436\u0435\u045a\u0430 \u0438\u043d\u0436\u0435\u045a\u0435\u0440\u0430 \u0442\u0435\u0445\u043d\u043e\u043b\u043e\u0433\u0438\u0458\u0435 \u0420\u0435\u043f\u0443\u0431\u043b\u0438\u043a\u0435 \u0421\u0440\u043f\u0441\u043a\u0435 (\u0443 \u0434\u0430\u0459\u0435\u043c \u0442\u0435\u043a\u0441\u0442\u0443 \u0423\u0418\u0422\u0420\u0421), \u043e\u0434\u0440\u0436\u0430\u043d\u0435 25.11.2017. \u0433\u043e\u0434\u0438\u043d\u0435 \u0443 17,00 \u0447\u0430\u0441\u043e\u0432\u0430 \u0443 \u0430\u043c\u0444\u0438\u0442\u0435\u0430\u0442\u0440\u0443 \u0422\u0435\u0445\u043d\u043e\u043b\u043e\u0448\u043a\u043e\u0433 \u0444\u0430\u043a\u0443\u043b\u0442\u0435\u0442\u0430, \u0443\u043b\u0438\u0446\u0430 \u0411\u0443\u043b\u0435\u0432\u0430\u0440 \u0432o\u0458\u0432\u043e\u0434\u0435 \u0421\u0442\u0435\u043f\u0435 \u0421\u0442\u0435\u043f\u0430\u043d\u043e\u0432\u0438\u045b\u0430 73,&nbsp; \u0411\u0430\u045a\u0430 \u041b\u0443\u043a\u0430.)<\/a><\/li>\n<li><a href=\"https:\/\/tehnolozirs.org\/wp-content\/uploads\/2016\/11\/ZAPISNIK-s\u0430-VI-redovne-Skupstine.doc\">\u0417\u0410\u041f\u0418\u0421\u041d\u0418\u041a (\u0421\u0430 \u0448\u0435\u0441\u0442\u0435 \u0440\u0435\u0434\u043e\u0432\u043d\u0435 \u0421\u043a\u0443\u043f\u0448\u0442\u0438\u043d\u0435 \u0423\u0434\u0440\u0443\u0436\u0435\u045a\u0430 \u0438\u043d\u0436\u0435\u045a\u0435\u0440\u0430 \u0442\u0435\u0445\u043d\u043e\u043b\u043e\u0433\u0438\u0458\u0435 \u0420\u0435\u043f\u0443\u0431\u043b\u0438\u043a\u0435 \u0421\u0440\u043f\u0441\u043a\u0435 (\u0443 \u0434\u0430\u0459\u0435\u043c \u0442\u0435\u043a\u0441\u0442\u0443 \u0423\u0418\u0422\u0420\u0421), \u043e\u0434\u0440\u0436\u0430\u043d\u0435 26.11.2016. \u0433\u043e\u0434\u0438\u043d\u0435 \u0443 16,30 \u0447\u0430\u0441\u043e\u0432\u0430 \u0443 \u0430\u043c\u0444\u0438\u0442\u0435\u0430\u0442\u0440\u0443 \u0422\u0435\u0445\u043d\u043e\u043b\u043e\u0448\u043a\u043e\u0433 \u0444\u0430\u043a\u0443\u043b\u0442\u0435\u0442\u0430, \u0443\u043b\u0438\u0446\u0430 \u0411\u0443\u043b\u0435\u0432\u0430\u0440 \u0432o\u0458\u0432\u043e\u0434\u0435 \u0421\u0442\u0435\u043f\u0435 \u0421\u0442\u0435\u043f\u0430\u043d\u043e\u0432\u0438\u045b\u0430 73,&nbsp; \u0411\u0430\u045a\u0430 \u041b\u0443\u043a\u0430.)<\/a><\/li>\n<li><a href=\"https:\/\/tehnolozirs.org\/wp-content\/uploads\/2016\/12\/\u0417\u0410\u041f\u0418\u0421\u041d\u0418\u041a-\u0441\u0430-V-\u0440\u0435\u0434\u043e\u0432\u043d\u0435-\u0421\u043a\u0443\u043f\u0448\u0442\u0438\u043d\u0435-\u0423\u0418\u0422\u0420\u0421-28.11.2015..doc\">\u0417\u0410\u041f\u0418\u0421\u041d\u0418\u041a (\u0421\u0430 \u043f\u0435\u0442\u0435 \u0440\u0435\u0434\u043e\u0432\u043d\u0435 \u0421\u043a\u0443\u043f\u0448\u0442\u0438\u043d\u0435 \u0423\u0434\u0440\u0443\u0436\u0435\u045a\u0430 \u0438\u043d\u0436\u0435\u045a\u0435\u0440\u0430 \u0442\u0435\u0445\u043d\u043e\u043b\u043e\u0433\u0438\u0458\u0435 \u0420\u0435\u043f\u0443\u0431\u043b\u0438\u043a\u0435 \u0421\u0440\u043f\u0441\u043a\u0435 (\u0443 \u0434\u0430\u0459\u0435\u043c \u0442\u0435\u043a\u0441\u0442\u0443 \u0423\u0418\u0422\u0420\u0421), \u043e\u0434\u0440\u0436\u0430\u043d\u0435 28.11.2015. \u0433\u043e\u0434\u0438\u043d\u0435 \u0443 17,30 \u0447\u0430\u0441\u043e\u0432\u0430 \u0443 \u0440\u0435\u0441\u0442\u043e\u0440\u0430\u043d\u0443 \u0423\u0433\u043e\u0441\u0442\u0438\u0442\u0435\u0459\u0441\u043a\u0435 \u0448\u043a\u043e\u043b\u0435, \u0443\u043b\u0438\u0446\u0430 \u0411\u0443\u043b\u0435\u0432\u0430\u0440 \u0432o\u0458\u0432\u043e\u0434\u0435 \u0421\u0442\u0435\u043f\u0435 \u0421\u0442\u0435\u043f\u0430\u043d\u043e\u0432\u0438\u045b\u0430 44,&nbsp; \u0411\u0430\u045a\u0430 \u041b\u0443\u043a\u0430.)<\/a><\/li>\n<li><a href=\"https:\/\/tehnolozirs.org\/wp-content\/uploads\/2016\/12\/\u0417\u0410\u041f\u0418\u0421\u041d\u0418\u041a.doc\">\u0417\u0410\u041f\u0418\u0421\u041d\u0418\u041a (\u0421\u0430 \u0447\u0435\u0442\u0432\u0440\u0442\u0435 \u0440\u0435\u0434\u043e\u0432\u043d\u0435 \u0421\u043a\u0443\u043f\u0448\u0442\u0438\u043d\u0435 \u0423\u0434\u0440\u0443\u0436\u0435\u045a\u0430 \u0438\u043d\u0436\u0435\u045a\u0435\u0440\u0430 \u0442\u0435\u0445\u043d\u043e\u043b\u043e\u0433\u0438\u0458\u0435 \u0420\u0435\u043f\u0443\u0431\u043b\u0438\u043a\u0435 \u0421\u0440\u043f\u0441\u043a\u0435, \u043e\u0434\u0440\u0436\u0430\u043d\u0435 29.11.2014. \u0433\u043e\u0434\u0438\u043d\u0435 \u0443 17,30 \u0447\u0430\u0441\u043e\u0432\u0430 \u0443 \u043f\u0438\u0446\u0435\u0440\u0438\u0458\u0438 \u201eSorriso\u201c \u0411\u0430\u045a\u0430 \u041b\u0443\u043a\u0430, \u0443\u043b\u0438\u0446\u0430 \u0410\u043b\u0435\u0458\u0430 \u0421\u0432\u0435\u0442\u043e\u0433 \u0421\u0430\u0432\u0435 80.)<\/a>&nbsp;<\/li>\n<li><a href=\"https:\/\/tehnolozirs.org\/wp-content\/uploads\/2016\/12\/Zapisnik-sa-osniva\u010dke-skup\u0161tine-udru\u017eenja.doc\">\u0417\u0430\u043f\u0438\u0441\u043d\u0438\u043a \u0441\u0430 \u043e\u0441\u043d\u0438\u0432\u0430\u0447\u043a\u0435 \u0441\u043a\u0443\u043f\u0448\u0442\u0438\u043d\u0435 \u0423\u0434\u0440\u0443\u0436\u0435\u045a\u0430 \u0438\u043d\u0436\u0435\u045a\u0435\u0440\u0430 \u0442\u0435\u0445\u043d\u043e\u043b\u043e\u0433\u0438\u0458\u0435 \u0420\u0435\u043f\u0443\u0431\u043b\u0438\u043a\u0435 \u0421\u0440\u043f\u0441\u043a\u0435 \u043e\u0434\u0440\u0436\u0430\u043d\u0435 \u0443 \u041c\u043e\u0442\u0435\u043b\u0443 \u040b\u0435\u0442\u043e\u0458\u0435\u0432\u0438\u045b 28.11.2010 \u0433\u043e\u0434\u0438\u043d\u0435 \u0441\u0430 \u043f\u043e\u0447\u0435\u0442\u043a\u043e\u043c \u0443 20 \u0447\u0430\u0441\u043e\u0432\u0430<\/a><\/li>\n<\/ul>\n<p>[\/vc_column_text][\/vc_column][\/vc_row]<\/p>\n","protected":false},"excerpt":{"rendered":"<p>[vc_row][vc_column][vc_column_text] \u0417\u0410\u041f\u0418\u0421\u041d\u0418\u041a (\u0421\u0430 \u043e\u0441\u043c\u0435 \u0440\u0435\u0434\u043e\u0432\u043d\u0435 \u0421\u043a\u0443\u043f\u0448\u0442\u0438\u043d\u0435 \u0423\u0434\u0440\u0443\u0436\u0435\u045a\u0430 \u0438\u043d\u0436\u0435\u045a\u0435\u0440\u0430 \u0442\u0435\u0445\u043d\u043e\u043b\u043e\u0433\u0438\u0458\u0435 \u0420\u0435\u043f\u0443\u0431\u043b\u0438\u043a\u0435 \u0421\u0440\u043f\u0441\u043a\u0435 (\u0443 \u0434\u0430\u0459\u0435\u043c \u0442\u0435\u043a\u0441\u0442\u0443 \u0423\u0418\u0422\u0420\u0421), \u043e\u0434\u0440\u0436\u0430\u043d\u0435 30.01.2019. \u0433\u043e\u0434\u0438\u043d\u0435 \u0443 18,00 \u0447\u0430\u0441\u043e\u0432\u0430 \u0443 \u0430\u043c\u0444\u0438\u0442\u0435\u0430\u0442\u0440\u0443 \u0422\u0435\u0445\u043d\u043e\u043b\u043e\u0448\u043a\u043e\u0433 \u0444\u0430\u043a\u0443\u043b\u0442\u0435\u0442\u0430, \u0443\u043b\u0438\u0446\u0430 \u0411\u0443\u043b\u0435\u0432\u0430\u0440 \u0432o\u0458\u0432\u043e\u0434\u0435 \u0421\u0442\u0435\u043f\u0435 \u0421\u0442\u0435\u043f\u0430\u043d\u043e\u0432\u0438\u045b\u0430 73,&nbsp; \u0411\u0430\u045a\u0430 \u041b\u0443\u043a\u0430.) \u0417\u0410\u041f\u0418\u0421\u041d\u0418\u041a (\u0421\u0430 \u0441\u0435\u0434\u043c\u0435 \u0440\u0435\u0434\u043e\u0432\u043d\u0435 \u0421\u043a\u0443\u043f\u0448\u0442\u0438\u043d\u0435 \u0423\u0434\u0440\u0443\u0436\u0435\u045a\u0430 \u0438\u043d\u0436\u0435\u045a\u0435\u0440\u0430<\/p>\n","protected":false},"author":1,"featured_media":0,"parent":0,"menu_order":0,"comment_status":"closed","ping_status":"closed","template":"","meta":{"ngg_post_thumbnail":0},"_links":{"self":[{"href":"https:\/\/tehnolozirs.org\/index.php?rest_route=\/wp\/v2\/pages\/537"}],"collection":[{"href":"https:\/\/tehnolozirs.org\/index.php?rest_route=\/wp\/v2\/pages"}],"about":[{"href":"https:\/\/tehnolozirs.org\/index.php?rest_route=\/wp\/v2\/types\/page"}],"author":[{"embeddable":true,"href":"https:\/\/tehnolozirs.org\/index.php?rest_route=\/wp\/v2\/users\/1"}],"replies":[{"embeddable":true,"href":"https:\/\/tehnolozirs.org\/index.php?rest_route=%2Fwp%2Fv2%2Fcomments&post=537"}],"version-history":[{"count":8,"href":"https:\/\/tehnolozirs.org\/index.php?rest_route=\/wp\/v2\/pages\/537\/revisions"}],"predecessor-version":[{"id":4355,"href":"https:\/\/tehnolozirs.org\/index.php?rest_route=\/wp\/v2\/pages\/537\/revisions\/4355"}],"wp:attachment":[{"href":"https:\/\/tehnolozirs.org\/index.php?rest_route=%2Fwp%2Fv2%2Fmedia&parent=537"}],"curies":[{"name":"wp","href":"https:\/\/api.w.org\/{rel}","templated":true}]}}