{"id":4092,"date":"2022-01-05T21:20:27","date_gmt":"2022-01-05T20:20:27","guid":{"rendered":"http:\/\/tehnolozirs.org\/?page_id=4092"},"modified":"2023-11-01T15:18:04","modified_gmt":"2023-11-01T14:18:04","slug":"o-nama","status":"publish","type":"page","link":"https:\/\/tehnolozirs.org\/?page_id=4092&lang=bs","title":{"rendered":"O nama"},"content":{"rendered":"<p>[vc_row][vc_column][vc_column_text]Udru\u017eenje in\u017eenjera tehnologije je dobrovoljna, dru\u0161tvena, stru\u010dno-nau\u010dna, interesna, profesionalna, vanstrana\u010dka organizacija in\u017eenjera tehnologije i njenih organizacija u Republici Srpskoj, otvorena za prijem \u010dlanova ne samo tehnolo\u0161ke struke ve\u0107 i srodnih struka (hemi\u010dara, ekologa i dr.) i za saradnju sa drugim nau\u010dno-stru\u010dnim, privrednim i ostalim organizacijama, na bazi me\u0111usobnog uva\u017eavanja, uzajamnog po\u0161tovanja i samostalnosti u radu. Osniva\u010dka skup\u0161tina Udru\u017eenja in\u017eenjera tehnologije Republike Srpske, na kojoj je bilo prisutno 110 in\u017eenjera, odr\u017eana je 28.11.2010. godine u Banjoj Luci. Na prijedlog inicijativnog odbora za osnivanje Udru\u017eenja, Skup\u0161tina je donijela osniva\u010dki akt kojim se osniva Udru\u017eenje in\u017eenjera tehnologije Republike Srpske. Prvi predsjednik Udru\u017eenja in\u017eenjera tehnologije Republike Srpske, u periodu 2010. \u2013 2014. god., je prof. dr Radoslav Gruji\u0107. Od novembra 2014. &#8211; 2018. godine predsjednik Udru\u017eenja je Miroslav Tanasi\u0107. Trenutni predsjednik UITRS je dr Miodrag Jazi\u0107.<br \/>\nSkup\u0161tina je najvi\u0161i organ Udru\u017eenja, a \u010dlanovi skup\u0161tine su svi \u010dlanovi Udru\u017eenja. Skup\u0161tina ima predsjednika koji rukovodi njenim radom. Upravni odbor \u010dine predsjednik Udru\u017eenja i 14 (\u010detrnaest) \u010dlanova koje bira Skup\u0161tina Udru\u017eenja. \u010clanovi Upravnog odbora po automatizmu su predsjednik Udru\u017eenja i predsjednici regionalnih \u010dlanica (Bijeljina, Doboj, Prijedor, Isto\u010dno Sarajevo, Hercegovina i Banja Luka).<\/p>\n<p>Ciljevi i zadaci Udru\u017eenja:<\/p>\n<ul>\n<li>Okupljanje \u010dlanova Udru\u017eenja radi razmjene stru\u010dnog znanja;<\/li>\n<li>Obezbje\u0111enje odgovaraju\u0107eg statusa u dru\u0161tvu i unaprije\u0111enje dru\u0161tvenog ugleda in\u017eenjera tehnologije;<\/li>\n<li>Njegovanje i razvijanje etike in\u017eenjerskog poziva;<\/li>\n<li>Pra\u0107enje savremenog tehnolo\u0161kog razvoja;<\/li>\n<li>Doprinos u izradi tehni\u010dkih propisa i standarda, kao i drugih propisa od interesa za in\u017eenjersku profesiju;<\/li>\n<li>Organizacija stru\u010dnih skupova i u\u010de\u0161\u0107e na nau\u010dnim i stru\u010dnim savjetovanjima, konferencijama i drugim vidovima stru\u010dnog usavr\u0161avanja in\u017eenjera;<\/li>\n<li>Podsticanje i pomaganje aktivnosti i inicijativa usmjerenih na o\u010duvanje \u017eivotne sredine;<\/li>\n<li>Saradnja sa srodnim organizacijama u zemlji i inostranstvu;<\/li>\n<li>Saradnja sa odgovaraju\u0107im dru\u0161tvenim, stru\u010dnim, privrednim i drugim organizacijama i organima na realizaciji zadataka od zajedni\u010dkog interesa;<\/li>\n<li>Druge aktivnosti koje doprinose unaprije\u0111enju in\u017eenjerske profesije i razvoju dru\u0161tva.<\/li>\n<\/ul>\n<p><a href=\"https:\/\/tehnolozirs.org\/wp-content\/uploads\/2016\/03\/Pristupnica-\u0107irilica.doc\">Pristupnica<\/a><\/p>\n<p><a href=\"https:\/\/tehnolozirs.org\/wp-content\/uploads\/2016\/03\/Odluka-o-visini-\u010dlanarina-\u0107irilica.doc\">Odluka o visini \u010dlanarine<\/a><\/p>\n<p><a href=\"https:\/\/tehnolozirs.org\/wp-content\/uploads\/2019\/06\/Statut-Udru\u017eenja-in\u017eenjera-tehnologije-Republike-Srpske.pdf\">Statut udru\u017eenja tehnologa<\/a>[\/vc_column_text][\/vc_column][\/vc_row][vc_row][vc_column][\/vc_column][\/vc_row]<\/p>\n","protected":false},"excerpt":{"rendered":"<p>[vc_row][vc_column][vc_column_text]Udru\u017eenje in\u017eenjera tehnologije je dobrovoljna, dru\u0161tvena, stru\u010dno-nau\u010dna, interesna, profesionalna, vanstrana\u010dka organizacija in\u017eenjera tehnologije i njenih organizacija u Republici Srpskoj, otvorena za prijem \u010dlanova ne samo tehnolo\u0161ke struke ve\u0107 i srodnih struka (hemi\u010dara, ekologa i dr.) i za saradnju sa drugim<\/p>\n","protected":false},"author":1,"featured_media":0,"parent":0,"menu_order":0,"comment_status":"closed","ping_status":"closed","template":"","meta":{"ngg_post_thumbnail":0},"_links":{"self":[{"href":"https:\/\/tehnolozirs.org\/index.php?rest_route=\/wp\/v2\/pages\/4092"}],"collection":[{"href":"https:\/\/tehnolozirs.org\/index.php?rest_route=\/wp\/v2\/pages"}],"about":[{"href":"https:\/\/tehnolozirs.org\/index.php?rest_route=\/wp\/v2\/types\/page"}],"author":[{"embeddable":true,"href":"https:\/\/tehnolozirs.org\/index.php?rest_route=\/wp\/v2\/users\/1"}],"replies":[{"embeddable":true,"href":"https:\/\/tehnolozirs.org\/index.php?rest_route=%2Fwp%2Fv2%2Fcomments&post=4092"}],"version-history":[{"count":6,"href":"https:\/\/tehnolozirs.org\/index.php?rest_route=\/wp\/v2\/pages\/4092\/revisions"}],"predecessor-version":[{"id":4353,"href":"https:\/\/tehnolozirs.org\/index.php?rest_route=\/wp\/v2\/pages\/4092\/revisions\/4353"}],"wp:attachment":[{"href":"https:\/\/tehnolozirs.org\/index.php?rest_route=%2Fwp%2Fv2%2Fmedia&parent=4092"}],"curies":[{"name":"wp","href":"https:\/\/api.w.org\/{rel}","templated":true}]}}