{"id":388,"date":"2016-11-29T08:59:45","date_gmt":"2016-11-29T07:59:45","guid":{"rendered":"http:\/\/tehnolozirs.org\/?page_id=388"},"modified":"2023-11-09T15:02:20","modified_gmt":"2023-11-09T14:02:20","slug":"pocetna1","status":"publish","type":"page","link":"https:\/\/tehnolozirs.org\/?page_id=388&lang=bs","title":{"rendered":"Po\u010detna1"},"content":{"rendered":"<p>[vc_row css=&#8221;.vc_custom_1481718887533{padding-left: 100px !important;}&#8221;][vc_column width=&#8221;1\/3&#8243;][vc_images_carousel images=&#8221;446,445,444,443,442,441,440,439,438,437,436,435,434,433,432,431,430,429,428,427,2037,2076,2081,2165,2379,2546,2632,2631,2683,2782,2817,2851,2919,3277,3365,3536,3678,3684,3826,4040,4205,4213,4244,4249,4294,4317,4365,4377,4385,4380,4387,4375&#8243; img_size=&#8221;400&#215;350&#8243; onclick=&#8221;link_no&#8221; mode=&#8221;vertical&#8221; autoplay=&#8221;yes&#8221; hide_pagination_control=&#8221;yes&#8221; hide_prev_next_buttons=&#8221;yes&#8221;][\/vc_column][vc_column width=&#8221;1\/3&#8243; el_class=&#8221;.vijestisredina&#8221; css=&#8221;.vc_custom_1480594069340{padding-left: 80px !important;}&#8221;][vc_custom_heading text=&#8221;Udru\u017eenje in\u017eenjera tehnologije Republike Srpske&#8221; font_container=&#8221;tag:p|font_size:18|text_align:center|color:%23666666&#8243; google_fonts=&#8221;font_family:Open%20Sans%3A300%2C300italic%2Cregular%2Citalic%2C600%2C600italic%2C700%2C700italic%2C800%2C800italic|font_style:600%20bold%20regular%3A600%3Anormal&#8221;][vc_empty_space height=&#8221;10px&#8221;][vc_column_text]Udru\u017eenje in\u017eenjera tehnologije je dobrovoljna, dru\u0161tvena, stru\u010dno-nau\u010dna, interesna, profesionalna, vanstrana\u010dka organizacija in\u017eenjera tehnologije i njenih organizacija u Republici Srpskoj, otvorena za prijem \u010dlanova ne samo tehnolo\u0161ke struke ve\u0107 i srodnih struka (hemi\u010dara, ekologa i dr.) i za saradnju sa drugim nau\u010dno-stru\u010dnim, privrednim i ostalim organizacijama, na bazi me\u0111usobnog uva\u017eavanja, uzajamnog po\u0161tovanja i samostalnosti u radu. Osniva\u010dka skup\u0161tina Udru\u017eenja in\u017eenjera tehnologije Republike Srpske, na kojoj je bilo prisutno 110 in\u017eenjera, odr\u017eana je 28.11.2010. godine u Banjoj Luci.[\/vc_column_text][\/vc_column][vc_column width=&#8221;1\/4&#8243; css=&#8221;.vc_custom_1484044926397{padding-left: 50px !important;}&#8221;][vc_images_carousel images=&#8221;2275,2234,2236,2237,2348,2604,2603,2756&#8243; img_size=&#8221;medium&#8221; onclick=&#8221;custom_link&#8221; custom_links_target=&#8221;_blank&#8221; mode=&#8221;vertical&#8221; slides_per_view=&#8221;3&#8243; autoplay=&#8221;yes&#8221; hide_pagination_control=&#8221;yes&#8221; hide_prev_next_buttons=&#8221;yes&#8221; wrap=&#8221;yes&#8221; custom_links=&#8221;#E-8_aHR0cCUzQSUyRiUyRnRlaG5vbG9za2lla29jZW50YXIuYmElMkNodHRwJTNBJTJGJTJGbnViLnJzJTJDaHR0cCUzQSUyRiUyRnd3dy50Zi51bnMuYWMucnMlMkNodHRwJTNBJTJGJTJGd3d3LmZra3QudW0uc2klMkNodHRwcyUzQSUyRiUyRnd3dy5lZmZvc3Qub3JnJTJGZGVmYXVsdC5hc3B4JTJDaHR0cCUzQSUyRiUyRmVtcGx1cy5iYSUyRiUyQ2h0dHAlM0ElMkYlMkZ3d3cuZ3JhbmRrYWZhLmNvbSUyRnNyJTJGa2FtcGFuamUlMkZncmFuZC1hcm9tYS0lMkNodHRwJTNBJTJGJTJGcmFpc2VzZWVyaXMuaXN0bS5jbnIuaXQlMkY=&#8221;][\/vc_column][\/vc_row][vc_row css=&#8221;.vc_custom_1480594601462{padding-left: 120px !important;}&#8221;][vc_column width=&#8221;2\/3&#8243;][vc_custom_heading text=&#8221;Novosti&#8221; font_container=&#8221;tag:h2|text_align:left|color:%23666666&#8243; google_fonts=&#8221;font_family:Open%20Sans%3A300%2C300italic%2Cregular%2Citalic%2C600%2C600italic%2C700%2C700italic%2C800%2C800italic|font_style:600%20bold%20regular%3A600%3Anormal&#8221;][vc_basic_grid post_type=&#8221;post&#8221; max_items=&#8221;3&#8243; item=&#8221;1014&#8243; grid_id=&#8221;vc_gid:1699538155626-5ff5b5d4-827d-0&#8243; taxonomies=&#8221;22&#8243;][\/vc_column][vc_column width=&#8221;1\/3&#8243; css=&#8221;.vc_custom_1607705973634{padding-left: 120px !important;}&#8221;][vc_images_carousel images=&#8221;2238,2240,2241,2243,3250,3251,3301,3308&#8243; img_size=&#8221;medium&#8221; onclick=&#8221;custom_link&#8221; custom_links_target=&#8221;_blank&#8221; mode=&#8221;vertical&#8221; slides_per_view=&#8221;3&#8243; autoplay=&#8221;yes&#8221; hide_pagination_control=&#8221;yes&#8221; hide_prev_next_buttons=&#8221;yes&#8221; wrap=&#8221;yes&#8221; custom_links=&#8221;#E-8_aHR0cCUzQSUyRiUyRmFyaGl2YS50bWYuYmcuYWMucnMlMkNodHRwJTNBJTJGJTJGd3d3LnVuaS1jb3J2aW51cy5odSUyQ2h0dHAlM0ElMkYlMkZrb21vcmFycy5iYSUyQ2h0dHAlM0ElMkYlMkZ3d3cuYW51cnMub3JnJTJDaHR0cHMlM0ElMkYlMkZyZWNpa2xhemEuYmElMkYlMkNodHRwcyUzQSUyRiUyRnNpbmVrc2xhYi5jb20lMkYlMkNodHRwJTNBJTJGJTJGd3d3Lm5vdm9pbC5uZXQlMkYlMkNodHRwcyUzQSUyRiUyRnZvZG92b2QtYmwuY29tJTJG&#8221;][vc_images_carousel images=&#8221;2275,2234,2236,2348,2237,2604,2603,2756&#8243; img_size=&#8221;medium&#8221; onclick=&#8221;custom_link&#8221; custom_links_target=&#8221;_blank&#8221; mode=&#8221;vertical&#8221; slides_per_view=&#8221;3&#8243; autoplay=&#8221;yes&#8221; hide_pagination_control=&#8221;yes&#8221; hide_prev_next_buttons=&#8221;yes&#8221; wrap=&#8221;yes&#8221; custom_links=&#8221;#E-8_aHR0cCUzQSUyRiUyRnRlaG5vbG9za2lla29jZW50YXIuYmElMkNodHRwJTNBJTJGJTJGbnViLnJzJTJDaHR0cCUzQSUyRiUyRnd3dy50Zi51bnMuYWMucnMlMkNodHRwcyUzQSUyRiUyRnd3dy5lZmZvc3Qub3JnJTJGZGVmYXVsdC5hc3B4JTJDaHR0cCUzQSUyRiUyRnd3dy5ma2t0LnVtLnNpJTJDaHR0cCUzQSUyRiUyRmVtcGx1cy5iYSUyRiUyQ2h0dHAlM0ElMkYlMkZ3d3cuZ3JhbmRrYWZhLmNvbSUyRnNyJTJGa2FtcGFuamUlMkZncmFuZC1hcm9tYS0lMkNodHRwJTNBJTJGJTJGcmFpc2VzZWVyaXMuaXN0bS5jbnIuaXQlMkY=&#8221;][\/vc_column][\/vc_row][vc_row][vc_column width=&#8221;1\/6&#8243;][vc_single_image image=&#8221;465&#8243; img_size=&#8221;medium&#8221; alignment=&#8221;center&#8221; onclick=&#8221;custom_link&#8221; img_link_target=&#8221;_blank&#8221; css_animation=&#8221;appear&#8221; link=&#8221;http:\/\/www.fsa.gov.ba\/bs\/&#8221;][\/vc_column][vc_column width=&#8221;1\/6&#8243;][vc_single_image image=&#8221;466&#8243; img_size=&#8221;medium&#8221; alignment=&#8221;center&#8221; onclick=&#8221;custom_link&#8221; img_link_target=&#8221;_blank&#8221; css_animation=&#8221;appear&#8221; link=&#8221;http:\/\/www.tfbl.org\/&#8221;][\/vc_column][vc_column width=&#8221;1\/6&#8243;][vc_single_image image=&#8221;468&#8243; img_size=&#8221;medium&#8221; alignment=&#8221;center&#8221; onclick=&#8221;custom_link&#8221; img_link_target=&#8221;_blank&#8221; css_animation=&#8221;appear&#8221; link=&#8221;https:\/\/www.tfzv.ues.rs.ba\/&#8221;][\/vc_column][vc_column width=&#8221;1\/6&#8243;][vc_single_image image=&#8221;469&#8243; img_size=&#8221;medium&#8221; alignment=&#8221;center&#8221; onclick=&#8221;custom_link&#8221; img_link_target=&#8221;_blank&#8221; css_animation=&#8221;appear&#8221; link=&#8221;http:\/\/www.eastcode.net\/&#8221; css=&#8221;.vc_custom_1483601775521{padding-left: 10px !important;}&#8221;][\/vc_column][vc_column width=&#8221;1\/6&#8243;][\/vc_column][vc_column width=&#8221;1\/6&#8243;][\/vc_column][\/vc_row]<\/p>\n","protected":false},"excerpt":{"rendered":"<p>[vc_row css=&#8221;.vc_custom_1481718887533{padding-left: 100px !important;}&#8221;][vc_column width=&#8221;1\/3&#8243;][vc_images_carousel images=&#8221;446,445,444,443,442,441,440,439,438,437,436,435,434,433,432,431,430,429,428,427,2037,2076,2081,2165,2379,2546,2632,2631,2683,2782,2817,2851,2919,3277,3365,3536,3678,3684,3826,4040,4205,4213,4244,4249,4294,4317,4365,4377,4385,4380,4387,4375&#8243; img_size=&#8221;400&#215;350&#8243; onclick=&#8221;link_no&#8221; mode=&#8221;vertical&#8221; autoplay=&#8221;yes&#8221; hide_pagination_control=&#8221;yes&#8221; hide_prev_next_buttons=&#8221;yes&#8221;][\/vc_column][vc_column width=&#8221;1\/3&#8243; el_class=&#8221;.vijestisredina&#8221; css=&#8221;.vc_custom_1480594069340{padding-left: 80px !important;}&#8221;][vc_custom_heading text=&#8221;Udru\u017eenje in\u017eenjera tehnologije Republike Srpske&#8221; font_container=&#8221;tag:p|font_size:18|text_align:center|color:%23666666&#8243; google_fonts=&#8221;font_family:Open%20Sans%3A300%2C300italic%2Cregular%2Citalic%2C600%2C600italic%2C700%2C700italic%2C800%2C800italic|font_style:600%20bold%20regular%3A600%3Anormal&#8221;][vc_empty_space height=&#8221;10px&#8221;][vc_column_text]Udru\u017eenje in\u017eenjera tehnologije je dobrovoljna, dru\u0161tvena, stru\u010dno-nau\u010dna, interesna, profesionalna, vanstrana\u010dka organizacija in\u017eenjera tehnologije i njenih organizacija<\/p>\n","protected":false},"author":1,"featured_media":0,"parent":0,"menu_order":0,"comment_status":"closed","ping_status":"closed","template":"","meta":{"ngg_post_thumbnail":0},"_links":{"self":[{"href":"https:\/\/tehnolozirs.org\/index.php?rest_route=\/wp\/v2\/pages\/388"}],"collection":[{"href":"https:\/\/tehnolozirs.org\/index.php?rest_route=\/wp\/v2\/pages"}],"about":[{"href":"https:\/\/tehnolozirs.org\/index.php?rest_route=\/wp\/v2\/types\/page"}],"author":[{"embeddable":true,"href":"https:\/\/tehnolozirs.org\/index.php?rest_route=\/wp\/v2\/users\/1"}],"replies":[{"embeddable":true,"href":"https:\/\/tehnolozirs.org\/index.php?rest_route=%2Fwp%2Fv2%2Fcomments&post=388"}],"version-history":[{"count":133,"href":"https:\/\/tehnolozirs.org\/index.php?rest_route=\/wp\/v2\/pages\/388\/revisions"}],"predecessor-version":[{"id":4416,"href":"https:\/\/tehnolozirs.org\/index.php?rest_route=\/wp\/v2\/pages\/388\/revisions\/4416"}],"wp:attachment":[{"href":"https:\/\/tehnolozirs.org\/index.php?rest_route=%2Fwp%2Fv2%2Fmedia&parent=388"}],"curies":[{"name":"wp","href":"https:\/\/api.w.org\/{rel}","templated":true}]}}