{"id":220,"date":"2015-11-19T08:08:13","date_gmt":"2015-11-19T08:08:13","guid":{"rendered":"http:\/\/tehnolozirs.org\/?page_id=220"},"modified":"2018-02-15T11:02:37","modified_gmt":"2018-02-15T10:02:37","slug":"%d0%bf%d1%80%d0%be%d0%bf%d0%b8%d1%81%d0%b8-4","status":"publish","type":"page","link":"https:\/\/tehnolozirs.org\/?page_id=220&lang=bs","title":{"rendered":"Propisi"},"content":{"rendered":"<p>&nbsp;<\/p>\n<p><a href=\"http:\/\/tehnolozirs.org\/wp-content\/uploads\/2015\/11\/Zakon-o-hrani-49_09.pdf\"> Zakon o hrani<\/a><\/p>\n<ul>\n<li><a href=\"http:\/\/tehnolozirs.org\/wp-content\/uploads\/2017\/01\/Odluka-o-prisustvu-sjednicama-odbora-i-sjednicama-Narodne-skup\u0161tine-nevladinih-organizacija-udru\u017eenja-sindikata-i-drugih-subjekata-u-2017.-godini.pdf\">Odluka <\/a>o prisustvu sjednicama odbora i sjednicama Narodne skup\u0161tine nevladinih organizacija, udru\u017eenja, sindikata i drugih subjekata u 2017. godini.<\/li>\n<li>Sve va\u017ee\u0107e propise o hrani&nbsp; Republike Srpske mo\u017eete prona\u0107i na&nbsp; <a href=\"http:\/\/www.vladars.net\/sr-SP-Cyrl\/Vlada\/Ministarstva\/mps\/%D0%B1%D0%BE%D1%98%D0%B0%D0%BD\/Pages\/default.aspx\">linku<\/a><\/li>\n<li>Sve va\u017ee\u0107e propisi o hrani na nivou Bosne i Hercegovine mo\u017eete preuzeti na sljede\u0107em <a href=\"http:\/\/www.fsa.gov.ba\/fsa\/sr\/propisi-i-javne-konsultacije\/propisi-o-hrani\">linku<\/a><\/li>\n<li>Sve va\u017ee\u0107e propise iz oblasti veterinarstva na nivou BiH, Republike Srpske, Federacije BiH i Br\u010dko distrikta BiH mo\u017eete preuzeti na&nbsp; <a href=\"http:\/\/www.vet.gov.ba\/?q=sr\/node\/44\">linku<\/a><\/li>\n<li>Prevedeni propisi i standardi u oblasti uvoza hrane i poljoprivrednih proizvoda koje primjenjuje Ruska Federacija, vrlo bitni za potencijalne izvoznike, mogu se prona\u0107i sa&nbsp; <a href=\"http:\/\/www.fsa.gov.ba\/fsa\/sr\/izvoz-u-rusku-federaciju-propisi-i-standardi\">linku<\/a><\/li>\n<li>Va\u017ee\u0107e propise o hrani Republike Srbije mo\u017eete prona\u0107i na&nbsp; <a href=\"http:\/\/www.tehnologijahrane.com\/pravilnici\">linku<\/a><\/li>\n<li>Sve propise Evropske unije (Uredbe, Direktive, Odluke i dr.) mo\u017eete prona\u0107i na&nbsp; <a href=\"http:\/\/eur-lex.europa.eu\/homepage.html?locale=hr\">linku<\/a><\/li>\n<li>Sve propise iz oblasti za\u0161tita voda,za\u0161tita od voda, kori\u0161tenje voda i dr. mo\u017eete prona\u0107i na <a href=\"http:\/\/www.voders.org\/index.php\/edit-profile\">linku<\/a><\/li>\n<li>Sve propise vezane za prostorno ure\u0111enje, gra\u0111evinarstvo i ekologiju Republike Srpske mo\u017eete na\u0107i na <a href=\"http:\/\/www.vladars.net\/sr-SP-Cyrl\/Vlada\/Ministarstva\/mgr\/Pages\/Default.aspx\">linku<\/a><\/li>\n<li>Sve va\u017ee\u0107e propise o za\u0161titi \u017eivotne sredine i o energetskoj efikasnosti Republike Srpske mo\u017eete prona\u0107i na&nbsp; <a href=\"http:\/\/ekofondrs.org\/ofondu\/zakonskiokvir.html\">link<\/a><\/li>\n<li>Sve o novom pravilniku&nbsp;&nbsp;o pru\u017eanju informacija potro\u0161a\u010dima o hrani mo\u017eete prona\u0107i u prilogu&nbsp;<a href=\"http:\/\/tehnolozirs.org\/wp-content\/uploads\/2018\/02\/Pravilnik-o-pruzanju-informacija-potrosacima-o-hrani-9_18-1.pdf\">Pravilnik o pruzanju informacija potrosacima o hrani 9_18-1<\/a><\/li>\n<\/ul>\n","protected":false},"excerpt":{"rendered":"<p>&nbsp; Zakon o hrani Odluka o prisustvu sjednicama odbora i sjednicama Narodne skup\u0161tine nevladinih organizacija, udru\u017eenja, sindikata i drugih subjekata u 2017. godini. Sve va\u017ee\u0107e propise o hrani&nbsp; Republike Srpske mo\u017eete prona\u0107i na&nbsp; linku Sve va\u017ee\u0107e propisi o hrani na<\/p>\n","protected":false},"author":1,"featured_media":56,"parent":0,"menu_order":0,"comment_status":"closed","ping_status":"closed","template":"","meta":{"ngg_post_thumbnail":0},"_links":{"self":[{"href":"https:\/\/tehnolozirs.org\/index.php?rest_route=\/wp\/v2\/pages\/220"}],"collection":[{"href":"https:\/\/tehnolozirs.org\/index.php?rest_route=\/wp\/v2\/pages"}],"about":[{"href":"https:\/\/tehnolozirs.org\/index.php?rest_route=\/wp\/v2\/types\/page"}],"author":[{"embeddable":true,"href":"https:\/\/tehnolozirs.org\/index.php?rest_route=\/wp\/v2\/users\/1"}],"replies":[{"embeddable":true,"href":"https:\/\/tehnolozirs.org\/index.php?rest_route=%2Fwp%2Fv2%2Fcomments&post=220"}],"version-history":[{"count":18,"href":"https:\/\/tehnolozirs.org\/index.php?rest_route=\/wp\/v2\/pages\/220\/revisions"}],"predecessor-version":[{"id":2456,"href":"https:\/\/tehnolozirs.org\/index.php?rest_route=\/wp\/v2\/pages\/220\/revisions\/2456"}],"wp:featuredmedia":[{"embeddable":true,"href":"https:\/\/tehnolozirs.org\/index.php?rest_route=\/wp\/v2\/media\/56"}],"wp:attachment":[{"href":"https:\/\/tehnolozirs.org\/index.php?rest_route=%2Fwp%2Fv2%2Fmedia&parent=220"}],"curies":[{"name":"wp","href":"https:\/\/api.w.org\/{rel}","templated":true}]}}